{"id":3,"date":"2024-03-07T10:47:21","date_gmt":"2024-03-07T10:47:21","guid":{"rendered":"https:\/\/xp-play.site\/pl\/?page_id=3"},"modified":"2025-05-28T13:02:52","modified_gmt":"2025-05-28T13:02:52","slug":"terms-conditions","status":"publish","type":"page","link":"https:\/\/xp-play.site\/pl\/index.php\/terms-conditions\/","title":{"rendered":""},"content":{"rendered":"\n<p><strong><em>REGULAMIN XP-PLAY<\/em><\/strong><\/p>\n\n\n\n<p>\u00a71 POSTANOWIENIA OG\u00d3LNE<\/p>\n\n\n\n<ol class=\"wp-block-list\">\n<li>Niniejszy regulamin (zwany dalej \u201eRegulaminem\u201d) okre\u015bla zasady \u015bwiadczenia Us\u0142ug (zdefiniowanych poni\u017cej), oferowanych przez NextGen Mobile LLC (The Meydan Hotel, Grandstand, 6th floor, Nad Al Sheba, Dubai, UAE), TAX: 104348067000001, numer rejestracyjny: 2204723.01). Kontakt e-mail: support@nextgenmob.com. tel.: 222444022.<\/li>\n\n\n\n<li>Ka\u017cdy jest zobowi\u0105zany do zapoznania si\u0119 z Regulaminem przed skorzystaniem z Us\u0142ugi.<\/li>\n\n\n\n<li>Korzystanie z Us\u0142ugi jest mo\u017cliwe pod warunkiem akceptacji Regulaminu.<\/li>\n\n\n\n<li>Skorzystanie z Us\u0142ugi jest r\u00f3wnoznaczne z akceptacj\u0105 Regulaminu.<\/li>\n\n\n\n<li>Korzystanie z Us\u0142ug jest dobrowolne.<\/li>\n\n\n\n<li>U\u017cytkownicy zobowi\u0105zani s\u0105 do korzystania z Us\u0142ugi w granicach obowi\u0105zuj\u0105cego w Polsce prawa oraz zgodnie z postanowieniami niniejszego Regulaminu.<\/li>\n\n\n\n<li>NextGen Mobile LLC nieodp\u0142atnie udost\u0119pnia Regulamin w spos\u00f3b, kt\u00f3ry umo\u017cliwia pozyskanie, odtwarzanie i utrwalanie tre\u015bci Regulaminu za pomoc\u0105 systemu teleinformatycznego, kt\u00f3rym pos\u0142uguje si\u0119&nbsp; NextGen Mobile LLC a wi\u0119c na stronie internetowej: <a href=\"https:\/\/xp-play.site\/pl\/index.php\/terms-conditions\/\">https:\/\/xp-play.site\/pl\/index.php\/terms-conditions\/<\/a>. Regulamin dost\u0119pny jest tak\u017ce w siedzibie&nbsp; NextGen Mobile LLC.<\/li>\n<\/ol>\n\n\n\n<p>\u00a7 2 DEFINICJE<\/p>\n\n\n\n<p>Wskazane poni\u017cej okre\u015blenia u\u017cyte w Regulaminie maj\u0105 nast\u0119puj\u0105ce znaczenie:<\/p>\n\n\n\n<ol class=\"wp-block-list\">\n<li>U\u017cytkownik \u2013 pe\u0142noletnia osoba fizyczna, posiadaj\u0105ca pe\u0142n\u0105 zdolno\u015b\u0107 do czynno\u015bci prawnych, uprawniona do u\u017cytkowania telefonu funkcjonuj\u0105cego w sieci polskiego Operatora telefonii kom\u00f3rkowej, korzystaj\u0105ca z Us\u0142ugi na podstawie niniejszego Regulaminu.<\/li>\n\n\n\n<li>Operator (Operatorzy) \u2013 polski operator telefonii kom\u00f3rkowej.<\/li>\n\n\n\n<li>Us\u0142uga (Us\u0142ugi) \u2013 dost\u0119p do serwisu z grami XP-Play, kt\u00f3ry znajduje si\u0119 pod adresem: <a href=\"https:\/\/xp-play.site\/pl\">https:\/\/xp-play.site\/pl<\/a>.<\/li>\n\n\n\n<li>Umowa \u2013 umowa o \u015bwiadczenie Us\u0142ugi, zawarta pomi\u0119dzy U\u017cytkownikiem i NextGen Mobile LLC poprzez akceptacj\u0119 Regulaminu.<\/li>\n\n\n\n<li>SMS (Short Message Service) \u2013 jest to kr\u00f3tka wiadomo\u015b\u0107 tekstowa, sk\u0142adaj\u0105ca si\u0119 z nie wi\u0119cej ni\u017c 67 znak\u00f3w (litery, cyfry, znaki szczeg\u00f3lne), kt\u00f3r\u0105 mo\u017cna przes\u0142a\u0107 na numery wskazane w Regulaminie, zawieraj\u0105ca tre\u015b\u0107 wpisan\u0105 przez nadawc\u0119.<\/li>\n\n\n\n<li>SMS Premium \u2013 us\u0142uga wysy\u0142ania wiadomo\u015bci tekstowych o podwy\u017cszonej op\u0142acie, wskazanej w \u00a7 5 Regulaminu, pozwalaj\u0105ca uzyska\u0107 dost\u0119p do Us\u0142ugi, realizowana na zasadach okre\u015blonych w ustawie z dnia 16 lipca 2004 roku Prawo telekomunikacyjne.<\/li>\n<\/ol>\n\n\n\n<p>\u00a7 3 SPOS\u00d3B KORZYSTANIA Z US\u0141UG<\/p>\n\n\n\n<ol class=\"wp-block-list\">\n<li>Us\u0142uga polega na p\u0142atnym udost\u0119pnianiu zawarto\u015bci prezentowanej w serwisie pod nazw\u0105 XP-Play (<a href=\"https:\/\/xp-play.site\/pl\">https:\/\/xp-play.site\/pl<\/a>).<\/li>\n\n\n\n<li>Us\u0142uga zawiera tre\u015bci, kt\u00f3re nie naruszaj\u0105 obowi\u0105zuj\u0105cego prawa lub og\u00f3lnie przyj\u0119tych zasad moralnych. Dostarczanie tre\u015bci o charakterze bezprawnym jest zakazane.<\/li>\n\n\n\n<li>Skorzystanie z Us\u0142ugi mo\u017cliwe jest w nast\u0119puj\u0105cy spos\u00f3b:\n<ol class=\"wp-block-list\">\n<li>U\u017cytkownik, kt\u00f3ry chce otrzyma\u0107 dost\u0119p do Us\u0142ugi, wysy\u0142a SMS-a Premium o tre\u015bci MPL\u00a0 na numer 92522;<\/li>\n\n\n\n<li>Nast\u0119pnie U\u017cytkownik otrzymuje w odpowiedzi SMS-a z kodem \/ dost\u0119p do serwisu.<\/li>\n\n\n\n<li>Serwis dost\u0119pny jest pod adresem: <a href=\"https:\/\/xp-play.site\/pl\">https:\/\/xp-play.site\/pl<\/a>.<\/li>\n<\/ol>\n<\/li>\n\n\n\n<li>Na ka\u017cdy prawid\u0142owo wys\u0142any SMS Premium U\u017cytkownik otrzymuje odpowied\u017a w terminie nie d\u0142u\u017cszym ni\u017c 1,5 godziny.<\/li>\n\n\n\n<li>Wys\u0142anie jednego SMS-a Premium skutkuje udost\u0119pnieniem jednego kodu jednorazowego \/ przyznaniem dost\u0119pu do serwisu na 30 dni.<\/li>\n\n\n\n<li>U\u017cytkownik mo\u017ce skorzysta\u0107 z Us\u0142ugi nieograniczon\u0105 liczb\u0119 razy.<\/li>\n\n\n\n<li>Us\u0142uga dost\u0119pna jest 24 godziny na dob\u0119, 7 dni w tygodniu.<\/li>\n<\/ol>\n\n\n\n<p>\u00a7 4 POZOSTA\u0141E ZASADY KORZYSTANIA Z US\u0141UG<\/p>\n\n\n\n<ol class=\"wp-block-list\">\n<li>Szczeg\u00f3\u0142owy opis Us\u0142ug oferowanych przez NextGen Mobile LLC (wraz z ich cenami) dost\u0119pny jest w Regulaminie oraz w opublikowanych materia\u0142ach promocyjnych.<\/li>\n\n\n\n<li>NextGen Mobile LLC&nbsp; ma prawo dokonywa\u0107 aktualizacji i rozwoju funkcjonalno\u015bci Us\u0142ugi.<\/li>\n\n\n\n<li>Us\u0142ugi s\u0105 p\u0142atne. Op\u0142aty wskazane s\u0105 w \u00a7 5 Regulaminu.<\/li>\n\n\n\n<li>Zawarcie Umowy nast\u0119puje z chwil\u0105 wys\u0142ania przez U\u017cytkownika SMS-a Premium.<\/li>\n\n\n\n<li>Wysy\u0142aj\u0105c SMS-a Premium U\u017cytkownik wyra\u017ca zgod\u0119 na zrealizowanie Us\u0142ugi przed up\u0142ywem terminu do odst\u0105pienia od Umowy.<\/li>\n\n\n\n<li>U\u017cytkownikowi nie przys\u0142uguje prawo odst\u0105pienia od umowy z uwagi na tre\u015b\u0107 art. 38 ustawy z dnia 30 maja 2014 r. o prawach konsumenta, poniewa\u017c spe\u0142nianie \u015bwiadczenia rozpocznie si\u0119 za wyra\u017an\u0105 zgod\u0105 U\u017cytkownika (wskazan\u0105 powy\u017cej) przed up\u0142ywem terminu do odst\u0105pienia od Umowy.<\/li>\n\n\n\n<li>Wyra\u017cenie zgody na rozpocz\u0119cie \u015bwiadczenia przed up\u0142ywem terminu odst\u0105pienia jest dobrowolne. Ze wzgl\u0119du na natur\u0119 Us\u0142ug \u015bwiadczonych \u201ena \u017c\u0105danie\u201d U\u017cytkownika, w przypadku Umowy zawieranej na odleg\u0142o\u015b\u0107 lub poza lokalem przedsi\u0119biorstwa NextGen Mobile LLC mo\u017ce \u015bwiadczy\u0107 Us\u0142ug\u0119 po otrzymaniu od U\u017cytkownika wyra\u017anej zgody na rozpocz\u0119cie \u015bwiadczenia przed up\u0142ywem terminu odst\u0105pienia.<\/li>\n\n\n\n<li>Us\u0142uga dost\u0119pna jest na terenie ca\u0142ego \u015bwiata.<\/li>\n\n\n\n<li>Us\u0142uga jest dost\u0119pna w sieciach Operator\u00f3w (zgodnie z definicj\u0105 powy\u017cej), zar\u00f3wno w systemie prepaid (telefon na kart\u0119), jak i postpaid (abonamentowym).<\/li>\n\n\n\n<li>Warunkiem skorzystania przez U\u017cytkownika z Us\u0142ugi jest posiadanie przez niego telefonu kom\u00f3rkowego wyposa\u017conego w aktywn\u0105 kart\u0119 SIM w sieci jednego z Operator\u00f3w, umo\u017cliwiaj\u0105cych wysy\u0142anie SMS-\u00f3w i SMS-\u00f3w Premium, jak r\u00f3wnie\u017c odbieranie SMS-\u00f3w (w tym SMS-\u00f3w z numer\u00f3w Premium Rate).<\/li>\n\n\n\n<li>U\u017cytkownik powinien by\u0107 uprawniony do korzystania z telefonu, o kt\u00f3rym mowa w ust. 10 powy\u017cej w zakresie umo\u017cliwiaj\u0105cym mu korzystanie Us\u0142ug.<\/li>\n\n\n\n<li>U\u017cytkownik uzyskuj\u0105cy dost\u0119p do Us\u0142ugi ma prawo do korzystania z niej wy\u0142\u0105cznie w zakresie okre\u015blonym w niniejszym Regulaminie. W szczeg\u00f3lno\u015bci U\u017cytkownik nie jest uprawiony do nagrywania, kopiowania, zwielokrotniania, modyfikowania, prezentowania, publikowana, czy rozpowszechniane w jakikolwiek spos\u00f3b Us\u0142ugi lub jej cz\u0119\u015bci. U\u017cytkownik uzyskuje uprawnienie do korzystania z Us\u0142ugi w zakresie opisanym powy\u017cej wy\u0142\u0105cznie na u\u017cytek w\u0142asny (tj. na u\u017cytek osoby, na kt\u00f3rej rzecz \u015bwiadczona jest dana Us\u0142uga). W szczeg\u00f3lno\u015bci oznacza to, \u017ce niedopuszczalne jest wykorzystywanie Us\u0142ugi lub jej cz\u0119\u015bci w celach komercyjnych, w tym niedopuszczalne jest wykorzystywanie jej na potrzeby prowadzonej dzia\u0142alno\u015bci gospodarczej, odsprzeda\u017c, ani inne formy udost\u0119pniania osobom trzecim.<\/li>\n<\/ol>\n\n\n\n<p>\u00a7 5 OP\u0141ATY ZA US\u0141UGI<\/p>\n\n\n\n<ol class=\"wp-block-list\">\n<li>Op\u0142aty za wys\u0142anie jednego SMS-a Premium na numer 92522 wynosi 30,75 z\u0142 z VAT. Jest to op\u0142ata jednorazowa.<\/li>\n\n\n\n<li>Op\u0142aty pobierane s\u0105 przez Operator\u00f3w poprzez dodanie op\u0142aty na fakturze za zakup us\u0142ug telekomunikacyjnych danego Operatora (w przypadku abonenta postpaid) lub poprzez odliczenie nale\u017cnej kwoty od \u015brodk\u00f3w zgromadzonych na koncie abonenta (w przypadku abonenta prepaid).<\/li>\n\n\n\n<li>Op\u0142aty s\u0105 cenami brutto i zawieraj\u0105 podatek od towar\u00f3w i us\u0142ug (VAT), zgodnie ze stawk\u0105 okre\u015blon\u0105 obowi\u0105zuj\u0105cymi przepisami prawa.<\/li>\n<\/ol>\n\n\n\n<p>\u00a7 6 OGRANICZENIA<\/p>\n\n\n\n<ol class=\"wp-block-list\">\n<li>Mog\u0105 wyst\u0105pi\u0107 kr\u00f3tkotrwa\u0142e, trwaj\u0105ce nie d\u0142u\u017cej ni\u017c 5 godzin miesi\u0119cznie, przerwy w dost\u0119pie do Us\u0142ugi, spowodowane prowadzeniem niezb\u0119dnych prac konserwacyjnych i\/lub technicznych. W przypadku przerw w dost\u0119pie, trwaj\u0105cych d\u0142u\u017cej z powodu awarii, NextGen Mobile LLC do\u0142o\u017cy stara\u0144, aby usun\u0105\u0107 awari\u0119 w najkr\u00f3tszym mo\u017cliwym czasie.<\/li>\n\n\n\n<li>Us\u0142uga dost\u0119pna jest z wykorzystaniem sieci teleinformatycznej, w kt\u00f3rej mog\u0105 zaistnie\u0107, pozostaj\u0105ce poza kontrol\u0105 NextGen Mobile LLC , obiektywne okoliczno\u015bci i czynniki maj\u0105ce wp\u0142yw na mo\u017cliwo\u015b\u0107 korzystania z Us\u0142ugi tj. warunki pogodowe, nieprawid\u0142owa instalacja, niedostateczna jako\u015b\u0107 sygna\u0142u, usterka lub awaria sieci teleinformatycznej.<\/li>\n<\/ol>\n\n\n\n<p>\u00a7 7 ODPOWIEDZIALNO\u015a\u0106<\/p>\n\n\n\n<ol class=\"wp-block-list\">\n<li>NextGen Mobile LLC ponosi odpowiedzialno\u015b\u0107 za brak dostarczenia SMS-a z odpowiedzi\u0105 w ramach Us\u0142ugi w terminie (odpowied\u017a na SMS-a powinna zosta\u0107 udzielona nie p\u00f3\u017aniej ni\u017c w ci\u0105gu p\u00f3\u0142torej godziny) oraz brak zgodno\u015bci Us\u0142ugi z Umow\u0105.<\/li>\n\n\n\n<li>NextGen Mobile LLC nie ponosi odpowiedzialno\u015bci za wiadomo\u015bci przes\u0142ane przez U\u017cytkownika w formie SMS, niedostarczone lub op\u00f3\u017anione z przyczyn le\u017c\u0105cych po stronie Operatora sieci kom\u00f3rkowej.<\/li>\n\n\n\n<li>Tylko poprawnie wys\u0142any SMS Premium, z dok\u0142adnie wpisan\u0105 komend\u0105 i numerem Premium, uprawnia do uzyskania kodu jednorazowego. W przypadku b\u0142\u0119dnego SMS-a, U\u017cytkownik otrzyma komunikat o b\u0142\u0119dnie wys\u0142anej komendzie. Zgodnie z zasadami, op\u0142ata za ka\u017cdego wys\u0142anego SMS-a Premium Rate jest pobierana przez Operatora w momencie jego wys\u0142ania, nawet je\u015bli jest to nieprawid\u0142owy SMS. NextGen Mobile LLC informuje, i\u017c nie ma obowi\u0105zku zwrotu koszt\u00f3w SMS-a Premium b\u0105d\u017a przes\u0142ania ponownie kodu w przypadku, je\u015bli U\u017cytkownik wys\u0142a\u0142 b\u0142\u0119dn\u0105 tre\u015b\u0107 SMS-a.<\/li>\n\n\n\n<li>Je\u017celi Us\u0142uga nie zosta\u0142a dostarczona w terminie, U\u017cytkownik ma prawo wezwania do jej dostarczenia w trybie reklamacji okre\u015blonym w \u00a7 8 Regulaminu. Je\u017celi NextGen Mobile LLC nie dostarczy Us\u0142ugi niezw\u0142ocznie lub w dodatkowym, wyra\u017anie uzgodnionym z U\u017cytkownikiem terminie, U\u017cytkownik mo\u017ce odst\u0105pi\u0107 od Umowy. U\u017cytkownik mo\u017ce odst\u0105pi\u0107 bez wzywania do dostarczenia Us\u0142ugi, je\u017celi: NextGen Mobile LLC o\u015bwiadczy\u0142 lub z okoliczno\u015bci wyra\u017anie wynika, \u017ce nie dostarczy Us\u0142ugi, lub U\u017cytkownik i NextGen Mobile LLC uzgodnili lub z okoliczno\u015bci zawarcia Umowy wyra\u017anie wynika, \u017ce okre\u015blony termin dostarczenia Us\u0142ugi mia\u0142 istotne znaczenie dla U\u017cytkownika, a NextGen Mobile LLC nie dostarczy\u0142 jej w tym terminie.<\/li>\n\n\n\n<li>W przypadku, \u015bwiadczenia Us\u0142ugi w spos\u00f3b niezgodny z Umow\u0105, U\u017cytkownik mo\u017ce \u017c\u0105da\u0107 doprowadzenia Us\u0142ugi do zgodno\u015bci z Umow\u0105, poprzez z\u0142o\u017cenie reklamacji, o kt\u00f3rej mowa w \u00a7 8 Regulaminu.<\/li>\n\n\n\n<li>U\u017cytkownik mo\u017ce z\u0142o\u017cy\u0107 o\u015bwiadczenie o obni\u017ceniu ceny albo o odst\u0105pieniu od Umowy, je\u015bli zgodnie z odpowiedzi\u0105 NextGen Mobile LLC na \u017c\u0105danie z\u0142o\u017cone na podstawie ust. 4 powy\u017cej, doprowadzenie do zgodno\u015bci Us\u0142ugi z Umow\u0105 jest niemo\u017cliwe albo wymaga nadmiernych koszt\u00f3w:<\/li>\n<\/ol>\n\n\n\n<ol class=\"wp-block-list\">\n<li>NextGen Mobile LLC nie doprowadzi Us\u0142ugi do zgodno\u015bci z Umow\u0105 zgodnie z \u017c\u0105daniem z\u0142o\u017conym przez U\u017cytkownika;<\/li>\n\n\n\n<li>brak zgodno\u015bci z Umow\u0105 nadal wyst\u0119puje, mimo \u017ce NextGen Mobile LLC pr\u00f3bowa\u0142 doprowadzi\u0107 Us\u0142ug\u0119 do zgodno\u015bci z Umow\u0105 stosownie do \u017c\u0105dania z\u0142o\u017conego na podstawie ust. 4; brak zgodno\u015bci Us\u0142ugi z Umow\u0105 jest na tyle istotny, \u017ce uzasadnia natychmiastowe odst\u0105pienie od Umowy;<\/li>\n\n\n\n<li>z o\u015bwiadczenia NextGen Mobile LLC z\u0142o\u017conego w odpowiedzi na \u017c\u0105danie zg\u0142oszone na podstawie ust. 4, wyra\u017anie wynika, \u017ce Us\u0142uga nie zostanie doprowadzona do zgodno\u015bci z Umow\u0105 w rozs\u0105dnym czasie lub bez nadmiernych niedogodno\u015bci.<\/li>\n<\/ol>\n\n\n\n<ol start=\"7\" class=\"wp-block-list\">\n<li>W przypadku uznania zasadno\u015bci \u017c\u0105dania obni\u017cenia ceny, o kt\u00f3rym mowa w ust. 6, NextGen Mobile LLC dokona tego obni\u017cenia w proporcji do ceny Us\u0142ugi wynikaj\u0105cej z Umowy oraz warto\u015bci Us\u0142ugi niezgodnej z umow\u0105, z uwzgl\u0119dnieniem czasu jej trwania.<\/li>\n\n\n\n<li>Uprawnienie do odst\u0105pienia od umowy, o kt\u00f3rym mowa w ust. 4, nie przys\u0142uguje, je\u017celi brak zgodno\u015bci z Umow\u0105 jest nieistotny.<\/li>\n<\/ol>\n\n\n\n<p>\u00a7 8 REKLAMACJE<\/p>\n\n\n\n<ol class=\"wp-block-list\">\n<li>U\u017cytkownik ma prawo z\u0142o\u017cy\u0107 reklamacj\u0119.<\/li>\n\n\n\n<li>Reklamacja mo\u017ce zosta\u0107 z\u0142o\u017cona:\n<ol class=\"wp-block-list\">\n<li>elektronicznie \u2013 z wykorzystaniem poczty elektronicznej na adres e-mail: <a href=\"mailto:gameplanetonline.pl@silverlines.info\">support@nextgenmob.com<\/a>;<\/li>\n\n\n\n<li>w formie pisemnej \u2013 na adres NextGen Mobile LLC podany w Regulaminie.<\/li>\n<\/ol>\n<\/li>\n\n\n\n<li>Reklamacja powinna zawiera\u0107:\n<ol class=\"wp-block-list\">\n<li>imi\u0119 i nazwisko oraz numer MSISDN wykorzystany do zam\u00f3wienia Us\u0142ugi;<\/li>\n\n\n\n<li>okre\u015blenie przedmiotu reklamacji oraz okresu b\u0119d\u0105cego przedmiotem reklamacji, przedstawienie okoliczno\u015bci uzasadniaj\u0105cych reklamacj\u0119, w szczeg\u00f3lno\u015bci wskazanie momentu wyst\u0105pienia problemu dotycz\u0105cego Us\u0142ugi;<\/li>\n\n\n\n<li>podpis U\u017cytkownika \u2013 w przypadku reklamacji z\u0142o\u017conej w formie pisemnej.<\/li>\n<\/ol>\n<\/li>\n\n\n\n<li>Reklamacja b\u0119dzie rozpatrzona w rozs\u0105dnym terminie. W przypadkach szczeg\u00f3lnie skomplikowanych lub wymagaj\u0105cych dodatkowych wyja\u015bnie\u0144 rozpatrzenie reklamacji nast\u0105pi nie p\u00f3\u017aniej ni\u017c w ci\u0105gu 14 dni od jej otrzymania.<\/li>\n\n\n\n<li>Odpowied\u017a na reklamacj\u0119 zostanie udzielona w formie elektronicznej na adres poczty elektronicznej, z kt\u00f3rego reklamacja zosta\u0142a wys\u0142ana przez U\u017cytkownika. W przypadku z\u0142o\u017cenia reklamacji drog\u0105 pisemn\u0105 U\u017cytkownik powinien wskaza\u0107 spos\u00f3b komunikacji z podaniem adresu poczty elektronicznej lub adresu zamieszkania dla odpowiedzi pisemnej.<\/li>\n\n\n\n<li>NextGen Mobile LLC mo\u017ce wezwa\u0107 U\u017cytkownika do uzupe\u0142nienia informacji niezb\u0119dnych do rozpatrzenia reklamacji, w szczeg\u00f3lno\u015bci w celu ustalenia czy brak zgodno\u015bci Us\u0142ugi z Umow\u0105 wynika z cech \u015arodowiska cyfrowego U\u017cytkownika. W przypadku braku ich uzupe\u0142nienia przez U\u017cytkownika reklamacja pozostawiana jest bez rozpatrzenia. U\u017cytkownik ma obowi\u0105zek wsp\u00f3\u0142pracy w zakresie uzupe\u0142nienia danych niezb\u0119dnych do rozpatrzenia reklamacji.<\/li>\n\n\n\n<li>U\u017cytkownik ma prawo dochodzenia roszcze\u0144 w post\u0119powaniu s\u0105dowym lub w przypadku konsumenta w post\u0119powaniach mediacyjnym lub przed s\u0105dem polubownym. Zasady i procedury dost\u0119pu do pozas\u0105dowego dochodzenia roszcze\u0144 przez konsument\u00f3w okre\u015blane s\u0105 odr\u0119bnie w przepisach lub dokumentach powo\u0142uj\u0105cych instytucje prowadz\u0105ce tak\u0105 dzia\u0142alno\u015b\u0107 lub wydanych przez nie aktach wewn\u0119trznych (np. regulaminy, statuty).<\/li>\n<\/ol>\n\n\n\n<p>\u00a7 9 POSTANOWIENIA KO\u0143COWE. ZMIANY REGULAMINU<\/p>\n\n\n\n<ol class=\"wp-block-list\">\n<li>Umowa zawierana jest na czas korzystania przez U\u017cytkownika z Us\u0142ugi.<\/li>\n\n\n\n<li>NextGen Mobile LLC jest uprawniony do zaprzestania \u015bwiadczenia Us\u0142ugi za wcze\u015bniejszym, 30-dniowym powiadomieniem, kt\u00f3re umie\u015bci w tre\u015bci Regulaminu na jego pocz\u0105tku.<\/li>\n\n\n\n<li>NextGen Mobile LLC jest uprawniony do wprowadzenia zmian Regulaminu.<\/li>\n\n\n\n<li>Zmiana Regulaminu, kt\u00f3ra nie jest niezb\u0119dna do zachowania zgodno\u015bci Us\u0142ugi z Umow\u0105 mo\u017ce by\u0107 dokonana w uzasadnionych przypadkach takich jak:\n<ol class=\"wp-block-list\">\n<li>zmiany przepis\u00f3w prawa maj\u0105cych wp\u0142yw na tre\u015b\u0107 Regulaminu i konieczno\u015bci dostosowania Regulaminu w celu zachowania jego zgodno\u015bci z prawem;<\/li>\n\n\n\n<li>zmian wynikaj\u0105cych z konieczno\u015bci dostosowania Regulaminu do zalece\u0144, nakaz\u00f3w, orzecze\u0144, postanowie\u0144, interpretacji, wytycznych lub decyzji uprawnionych organ\u00f3w administracji publicznej;<\/li>\n\n\n\n<li>usprawnienie dzia\u0142ania Us\u0142ugi oraz obs\u0142ugi U\u017cytkownika;<\/li>\n\n\n\n<li>zmian zwi\u0105zanych z bezpiecze\u0144stwem \u015bwiadczenia Us\u0142ugi;<\/li>\n\n\n\n<li>przeciwdzia\u0142anie nadu\u017cyciom zwi\u0105zanym z korzystaniem z Us\u0142ugi;<\/li>\n\n\n\n<li>zmian technologicznych i funkcjonalnych Us\u0142ugi;<\/li>\n\n\n\n<li>zmiany w zakresie wprowadzania nowych, dodatkowych funkcji, opcji Us\u0142ugi;<\/li>\n\n\n\n<li>zmian redakcyjnych zwi\u0105zanych z konieczno\u015bci\u0105 poprawy, usuni\u0119cia omy\u0142ek redakcyjnych, b\u0142\u0119d\u00f3w;<\/li>\n\n\n\n<li>zmian o charakterze administracyjnym, w tym zmian danych identyfikuj\u0105cych lub kontaktowych.<\/li>\n<\/ol>\n<\/li>\n\n\n\n<li>NextGen Mobile LLC poinformuje U\u017cytkownik\u00f3w o zmianach wskazanych w ust. 4 powy\u017cej poprzez opublikowanie informacji o dokonywanych zmianach na stronie: https:\/\/xp-play.site\/pl\/index.php\/terms-conditions\/.<\/li>\n\n\n\n<li>Publikacja nast\u0105pi z 14-dniowym wyprzedzeniem, o ile zachowanie tego terminu jest mo\u017cliwe ze wzgl\u0119du na charakter wprowadzanych zmian.<\/li>\n\n\n\n<li>W przypadku zmiany Regulaminu, kt\u00f3ra istotnie i negatywnie wp\u0142ywa na dost\u0119p lub korzystanie z Us\u0142ugi, NextGen Mobile LLC poinformuje U\u017cytkownika o tej zmianie i terminie jej dokonania z 14-dniowym wyprzedzeniem na trwa\u0142ym no\u015bniku, o ile zachowanie tego terminu jest mo\u017cliwe ze wzgl\u0119du na charakter wprowadzanych zmian.<\/li>\n\n\n\n<li>Je\u015bli U\u017cytkownik nie akceptuje wprowadzonych zmian, jest uprawniony do zaprzestania korzystania z Us\u0142ugi.<\/li>\n\n\n\n<li>W sprawach nieuregulowanych Regulaminem stosuje si\u0119 przepisy obowi\u0105zuj\u0105cego prawa.<\/li>\n\n\n\n<li>Umowa zawierana jest w j\u0119zyku polskim i podlega prawu polskiemu.<\/li>\n\n\n\n<li>NextGen Mobile LLC nie jest stron\u0105 Kodeksu dobrych praktyk.<\/li>\n\n\n\n<li>Niniejszy Regulamin wchodzi w \u017cycie z dniem 22.05.2025 r.<\/li>\n<\/ol>\n\n\n\n<p>WZ\u00d3R FORMULARZA ODST\u0104PIENIA OD UMOWY<\/p>\n\n\n\n<ul class=\"wp-block-list\">\n<li>Adresat:<\/li>\n\n\n\n<li>Ja, niniejszym informuj\u0119 o moim odst\u0105pieniu od Umowy:<\/li>\n\n\n\n<li>Data zawarcia Umowy:<\/li>\n\n\n\n<li>Imi\u0119 i nazwisko U\u017cytkownika:<\/li>\n\n\n\n<li>MSISDN (numer telefonu, kt\u00f3rego odst\u0105pienie dotyczy):<\/li>\n\n\n\n<li>Adres U\u017cytkownika:<\/li>\n\n\n\n<li>Podpis U\u017cytkownika: (tylko je\u017celi formularz jest przesy\u0142any w wersji papierowej)<\/li>\n\n\n\n<li>Data:<\/li>\n<\/ul>\n","protected":false},"excerpt":{"rendered":"<p>REGULAMIN XP-PLAY \u00a71 POSTANOWIENIA OG\u00d3LNE \u00a7 2 DEFINICJE Wskazane poni\u017cej okre\u015blenia u\u017cyte w Regulaminie maj\u0105 nast\u0119puj\u0105ce znaczenie: \u00a7 3 SPOS\u00d3B KORZYSTANIA Z US\u0141UG \u00a7 4 POZOSTA\u0141E ZASADY KORZYSTANIA Z US\u0141UG \u00a7 5 OP\u0141ATY ZA US\u0141UGI \u00a7 6 OGRANICZENIA \u00a7 7 ODPOWIEDZIALNO\u015a\u0106 \u00a7 8 REKLAMACJE \u00a7 9 POSTANOWIENIA KO\u0143COWE. ZMIANY REGULAMINU WZ\u00d3R FORMULARZA ODST\u0104PIENIA OD UMOWY<\/p>\n","protected":false},"author":1,"featured_media":0,"parent":0,"menu_order":0,"comment_status":"closed","ping_status":"closed","template":"","meta":{"_kadence_starter_templates_imported_post":false,"_kad_post_transparent":"","_kad_post_title":"","_kad_post_layout":"","_kad_post_sidebar_id":"","_kad_post_content_style":"","_kad_post_vertical_padding":"","_kad_post_feature":"","_kad_post_feature_position":"","_kad_post_header":false,"_kad_post_footer":false,"footnotes":""},"class_list":["post-3","page","type-page","status-publish","hentry"],"_links":{"self":[{"href":"https:\/\/xp-play.site\/pl\/index.php\/wp-json\/wp\/v2\/pages\/3","targetHints":{"allow":["GET"]}}],"collection":[{"href":"https:\/\/xp-play.site\/pl\/index.php\/wp-json\/wp\/v2\/pages"}],"about":[{"href":"https:\/\/xp-play.site\/pl\/index.php\/wp-json\/wp\/v2\/types\/page"}],"author":[{"embeddable":true,"href":"https:\/\/xp-play.site\/pl\/index.php\/wp-json\/wp\/v2\/users\/1"}],"replies":[{"embeddable":true,"href":"https:\/\/xp-play.site\/pl\/index.php\/wp-json\/wp\/v2\/comments?post=3"}],"version-history":[{"count":19,"href":"https:\/\/xp-play.site\/pl\/index.php\/wp-json\/wp\/v2\/pages\/3\/revisions"}],"predecessor-version":[{"id":1665,"href":"https:\/\/xp-play.site\/pl\/index.php\/wp-json\/wp\/v2\/pages\/3\/revisions\/1665"}],"wp:attachment":[{"href":"https:\/\/xp-play.site\/pl\/index.php\/wp-json\/wp\/v2\/media?parent=3"}],"curies":[{"name":"wp","href":"https:\/\/api.w.org\/{rel}","templated":true}]}}